{"id":2911,"date":"2019-11-25T02:15:39","date_gmt":"2019-11-25T02:15:39","guid":{"rendered":""},"modified":"2025-04-08T16:11:07","modified_gmt":"2025-04-08T16:11:07","slug":"about-us-02","status":"publish","type":"page","link":"https:\/\/cauchocolor.com.ar\/sitio\/about-us-02\/","title":{"rendered":"About Us 02"},"content":{"rendered":"\t\t<div data-elementor-type=\"wp-page\" data-elementor-id=\"2911\" class=\"elementor elementor-2911\" data-elementor-post-type=\"page\">\n\t\t\t\t\t\t<section class=\"elementor-section elementor-top-section elementor-element elementor-element-6be7f03 elementor-section-stretched elementor-section-items-stretch elementor-section-content-middle elementor-section-height-min-height elementor-section-boxed elementor-section-gap-beside-yes elementor-section-height-default elementor-section-column-vertical-align-stretch\" data-id=\"6be7f03\" data-element_type=\"section\" data-settings=\"{&quot;stretch_section&quot;:&quot;section-stretched&quot;,&quot;background_background&quot;:&quot;classic&quot;}\">\n\t\t\t\t\t\t<div class=\"elementor-container elementor-column-gap-extended\">\n\t\t\t\t\t<div class=\"elementor-column elementor-col-100 elementor-top-column elementor-element elementor-element-8af7dd5 elementor-invisible\" data-id=\"8af7dd5\" data-element_type=\"column\" data-settings=\"{&quot;animation&quot;:&quot;billyFadeInUp&quot;,&quot;animation_delay&quot;:300}\">\n\t\t\t<div class=\"elementor-widget-wrap elementor-element-populated\">\n\t\t\t\t\t\t<div class=\"elementor-element elementor-element-3793ddc elementor-widget elementor-widget-heading\" data-id=\"3793ddc\" data-element_type=\"widget\" data-widget_type=\"heading.default\">\n\t\t\t\t<div class=\"elementor-widget-container\">\n\t\t\t\t\t<h2 class=\"elementor-heading-title elementor-size-default\">Sobre nosotros<\/h2>\t\t\t\t<\/div>\n\t\t\t\t<\/div>\n\t\t\t\t\t<\/div>\n\t\t<\/div>\n\t\t\t\t\t<\/div>\n\t\t<\/section>\n\t\t\t\t<section class=\"elementor-section elementor-top-section elementor-element elementor-element-b052e69 elementor-section-boxed elementor-section-gap-beside-yes elementor-section-height-default elementor-section-height-default elementor-section-column-vertical-align-stretch\" data-id=\"b052e69\" data-element_type=\"section\">\n\t\t\t\t\t\t<div class=\"elementor-container elementor-column-gap-extended\">\n\t\t\t\t\t<div class=\"elementor-column elementor-col-100 elementor-top-column elementor-element elementor-element-1b6cbf2 elementor-invisible\" data-id=\"1b6cbf2\" data-element_type=\"column\" data-settings=\"{&quot;animation&quot;:&quot;billyFadeInUp&quot;}\">\n\t\t\t<div class=\"elementor-widget-wrap elementor-element-populated\">\n\t\t\t\t\t\t<div class=\"elementor-element elementor-element-a17efbb elementor-widget elementor-widget-tm-heading\" data-id=\"a17efbb\" data-element_type=\"widget\" data-widget_type=\"tm-heading.default\">\n\t\t\t\t<div class=\"elementor-widget-container\">\n\t\t\t\t\t\t\t<div class=\"tm-modern-heading\">\n\t\t\t\n\t\t\t\t\t<div class=\"heading-primary-wrap\">\n\t\t\t<h2 class=\"heading-primary elementor-heading-title\">Somos un grupo de empresarios con m\u00e1s de 40 a\u00f1os de experiencia en espacios p\u00fablicos y privados.<\/h2>\t\t<\/div>\n\t\t\n\t\t\t\n\t\t\t\t\t<div class=\"heading-description-wrap\">\n\t\t\t<div class=\"heading-description\">\n\t\t\t\t<p>Sabemos que el medio ambiente influye directamente sobre el ser humano, y conocemos su importancia en el mejoramiento de la calidad de vida. Por esta raz\u00f3n, estamos orgullosos de ofrecer nuestros servicios, seguros que nuestro trabajo ayudar\u00e1 a mejorar la calidad de vida de quienes hagan uso de esos espacios.<\/p><p>Nuestro objetivo es escuchar las necesidades de nuestros potenciales clientes, interpretarlas con nuestra experiencia y conocimiento, para posteriormente brindar las mejores soluciones.<\/p><p>Contamos con un equipo de profesionales especializados que brindan su experiencia y calidad en cada trabajo realizado. Si bien nos encontramos en la zona Norte del Gran Buenos Aires, prestamos nuestros servicios a cualquier lugar del pa\u00eds u otros pa\u00edses.<\/p>\t\t\t<\/div>\n\t\t<\/div>\n\t\t\t<\/div>\n\t\t\t\t\t\t<\/div>\n\t\t\t\t<\/div>\n\t\t\t\t\t<\/div>\n\t\t<\/div>\n\t\t\t\t\t<\/div>\n\t\t<\/section>\n\t\t\t\t<section class=\"elementor-section elementor-top-section elementor-element elementor-element-41bd25d elementor-section-stretched elementor-section-boxed elementor-section-gap-beside-yes elementor-section-height-default elementor-section-height-default elementor-section-column-vertical-align-stretch\" data-id=\"41bd25d\" data-element_type=\"section\" data-settings=\"{&quot;stretch_section&quot;:&quot;section-stretched&quot;}\">\n\t\t\t\t\t\t<div class=\"elementor-container elementor-column-gap-extended\">\n\t\t\t\t\t<div class=\"elementor-column elementor-col-100 elementor-top-column elementor-element elementor-element-72a0725\" data-id=\"72a0725\" data-element_type=\"column\">\n\t\t\t<div class=\"elementor-widget-wrap elementor-element-populated\">\n\t\t\t\t\t\t<div class=\"elementor-element elementor-element-0fa626f elementor-widget elementor-widget-image\" data-id=\"0fa626f\" data-element_type=\"widget\" data-widget_type=\"image.default\">\n\t\t\t\t<div class=\"elementor-widget-container\">\n\t\t\t\t\t\t\t\t\t\t\t\t\t\t\t<img fetchpriority=\"high\" decoding=\"async\" width=\"640\" height=\"108\" src=\"https:\/\/cauchocolor.com.ar\/sitio\/wp-content\/uploads\/2024\/12\/image-12-1024x173.png\" class=\"attachment-large size-large wp-image-6426\" alt=\"\" srcset=\"https:\/\/cauchocolor.com.ar\/sitio\/wp-content\/uploads\/2024\/12\/image-12-1024x173.png 1024w, https:\/\/cauchocolor.com.ar\/sitio\/wp-content\/uploads\/2024\/12\/image-12-300x51.png 300w, https:\/\/cauchocolor.com.ar\/sitio\/wp-content\/uploads\/2024\/12\/image-12-768x130.png 768w, https:\/\/cauchocolor.com.ar\/sitio\/wp-content\/uploads\/2024\/12\/image-12.png 1280w\" sizes=\"(max-width: 640px) 100vw, 640px\" \/>\t\t\t\t\t\t\t\t\t\t\t\t\t\t\t<\/div>\n\t\t\t\t<\/div>\n\t\t\t\t\t<\/div>\n\t\t<\/div>\n\t\t\t\t\t<\/div>\n\t\t<\/section>\n\t\t\t\t<\/div>\n\t\t","protected":false},"excerpt":{"rendered":"<p>Sobre nosotros Somos un grupo de empresarios con m\u00e1s de 40 a\u00f1os de experiencia en espacios p\u00fablicos y privados. Sabemos que el medio ambiente influye directamente sobre el ser humano, y conocemos su importancia en el mejoramiento de la calidad de vida. Por esta raz\u00f3n, estamos orgullosos de ofrecer nuestros servicios, seguros que nuestro trabajo ayudar\u00e1 a mejorar la calidad de vida de quienes hagan uso de esos espacios. Nuestro objetivo es escuchar las necesidades de nuestros potenciales clientes, interpretarlas con nuestra experiencia y conocimiento, para posteriormente brindar las mejores soluciones. Contamos con un equipo de profesionales especializados que brindan su experiencia y calidad en cada trabajo realizado. Si bien nos encontramos en la zona Norte del Gran Buenos Aires, prestamos nuestros servicios a cualquier lugar del pa\u00eds u otros pa\u00edses.<\/p>\n","protected":false},"author":1,"featured_media":0,"parent":0,"menu_order":0,"comment_status":"closed","ping_status":"closed","template":"","meta":{"footnotes":""},"class_list":["post-2911","page","type-page","status-publish","hentry","post-no-thumbnail"],"_links":{"self":[{"href":"https:\/\/cauchocolor.com.ar\/sitio\/wp-json\/wp\/v2\/pages\/2911","targetHints":{"allow":["GET"]}}],"collection":[{"href":"https:\/\/cauchocolor.com.ar\/sitio\/wp-json\/wp\/v2\/pages"}],"about":[{"href":"https:\/\/cauchocolor.com.ar\/sitio\/wp-json\/wp\/v2\/types\/page"}],"author":[{"embeddable":true,"href":"https:\/\/cauchocolor.com.ar\/sitio\/wp-json\/wp\/v2\/users\/1"}],"replies":[{"embeddable":true,"href":"https:\/\/cauchocolor.com.ar\/sitio\/wp-json\/wp\/v2\/comments?post=2911"}],"version-history":[{"count":19,"href":"https:\/\/cauchocolor.com.ar\/sitio\/wp-json\/wp\/v2\/pages\/2911\/revisions"}],"predecessor-version":[{"id":6550,"href":"https:\/\/cauchocolor.com.ar\/sitio\/wp-json\/wp\/v2\/pages\/2911\/revisions\/6550"}],"wp:attachment":[{"href":"https:\/\/cauchocolor.com.ar\/sitio\/wp-json\/wp\/v2\/media?parent=2911"}],"curies":[{"name":"wp","href":"https:\/\/api.w.org\/{rel}","templated":true}]}}