{"id":6620,"date":"2025-04-11T16:15:16","date_gmt":"2025-04-11T16:15:16","guid":{"rendered":"https:\/\/cauchocolor.com.ar\/sitio\/?page_id=6620"},"modified":"2025-04-14T03:22:11","modified_gmt":"2025-04-14T03:22:11","slug":"figuras-3d-kraiburg","status":"publish","type":"page","link":"https:\/\/cauchocolor.com.ar\/sitio\/figuras-3d-kraiburg\/","title":{"rendered":"Figuras 3d Kraiburg"},"content":{"rendered":"\t\t<div data-elementor-type=\"wp-page\" data-elementor-id=\"6620\" class=\"elementor elementor-6620\" data-elementor-post-type=\"page\">\n\t\t\t\t<div class=\"elementor-element elementor-element-fd4468b e-flex e-con-boxed e-con e-parent\" data-id=\"fd4468b\" data-element_type=\"container\">\n\t\t\t\t\t<div class=\"e-con-inner\">\n\t\t\t\t<div class=\"elementor-element elementor-element-a2e34a8 elementor-widget elementor-widget-spacer\" data-id=\"a2e34a8\" data-element_type=\"widget\" data-widget_type=\"spacer.default\">\n\t\t\t\t<div class=\"elementor-widget-container\">\n\t\t\t\t\t\t\t<div class=\"elementor-spacer\">\n\t\t\t<div class=\"elementor-spacer-inner\"><\/div>\n\t\t<\/div>\n\t\t\t\t\t\t<\/div>\n\t\t\t\t<\/div>\n\t\t\t\t<div class=\"elementor-element elementor-element-d56d21d elementor-widget elementor-widget-heading\" data-id=\"d56d21d\" data-element_type=\"widget\" data-widget_type=\"heading.default\">\n\t\t\t\t<div class=\"elementor-widget-container\">\n\t\t\t\t\t<h2 class=\"elementor-heading-title elementor-size-default\">Figuras 3D<\/h2>\t\t\t\t<\/div>\n\t\t\t\t<\/div>\n\t\t\t\t<div class=\"elementor-element elementor-element-a34698d elementor-widget elementor-widget-spacer\" data-id=\"a34698d\" data-element_type=\"widget\" data-widget_type=\"spacer.default\">\n\t\t\t\t<div class=\"elementor-widget-container\">\n\t\t\t\t\t\t\t<div class=\"elementor-spacer\">\n\t\t\t<div class=\"elementor-spacer-inner\"><\/div>\n\t\t<\/div>\n\t\t\t\t\t\t<\/div>\n\t\t\t\t<\/div>\n\t\t\t\t<div class=\"elementor-element elementor-element-52015fc elementor-widget elementor-widget-image\" data-id=\"52015fc\" data-element_type=\"widget\" data-widget_type=\"image.default\">\n\t\t\t\t<div class=\"elementor-widget-container\">\n\t\t\t\t\t\t\t\t\t\t\t\t\t\t\t<img decoding=\"async\" src=\"https:\/\/cauchocolor.com.ar\/sitio\/wp-content\/uploads\/elementor\/thumbs\/jungle-gym-and-slide-with-playground-equipment-on-2025-03-11-02-02-38-utc-scaled-r460ex6jxs3tvr48k7kqxal55o1v1aeiuvhhosmw1k.jpg\" title=\"jungle-gym-and-slide-with-playground-equipment-on-2025-03-11-02-02-38-utc\" alt=\"jungle-gym-and-slide-with-playground-equipment-on-2025-03-11-02-02-38-utc\" loading=\"lazy\" \/>\t\t\t\t\t\t\t\t\t\t\t\t\t\t\t<\/div>\n\t\t\t\t<\/div>\n\t\t\t\t\t<\/div>\n\t\t\t\t<\/div>\n\t\t<div class=\"elementor-element elementor-element-bccdccc e-flex e-con-boxed e-con e-parent\" data-id=\"bccdccc\" data-element_type=\"container\">\n\t\t\t\t\t<div class=\"e-con-inner\">\n\t\t\t\t<div class=\"elementor-element elementor-element-6fa977a elementor-widget elementor-widget-tm-typed-headline\" data-id=\"6fa977a\" data-element_type=\"widget\" data-settings=\"{&quot;text&quot;:&quot;juego y actividad.\\ndiversi\\u00f3n y entretenimiento.\\nactividad f\\u00edsica y entretenimiento l\\u00fadico.\\n\\n&quot;}\" data-widget_type=\"tm-typed-headline.default\">\n\t\t\t\t<div class=\"elementor-widget-container\">\n\t\t\t\t\t\t\t<div class=\"tm-typed-headline\">\n\t\t\t<h4 class=\"billey-headline\">\t\t\t\t\t<span class=\"headline-part headline-before-text\">\n\t\t\tYa sea en escuelas y guarder\u00edas o en instalaciones deportivas y de juego, los accesorios EUROFLEX\u00ae hacen de cada parque infantil una experiencia. Brindan a los ni\u00f1os espacio para la creatividad y la imaginaci\u00f3n, al tiempo que ofrecen diversas posibilidades de \t\t<\/span>\n\t\t\t\t\t\t\t<div class=\"headline-part headline-animate-text\">\n\t\t\t<span class=\"animate-text\" data-typed=\"[&quot;juego y actividad.&quot;,&quot;diversi\\u00f3n y entretenimiento.&quot;,&quot;actividad f\\u00edsica y entretenimiento l\\u00fadico.&quot;,&quot;&quot;,&quot;&quot;]\">juego y actividad.<\/span>\n\t\t<\/div>\n\t\t\t\t\t\t\t\t<\/h4>\t\t<\/div>\n\t\t\t\t\t\t<\/div>\n\t\t\t\t<\/div>\n\t\t\t\t\t<\/div>\n\t\t\t\t<\/div>\n\t\t<div class=\"elementor-element elementor-element-2708969 e-flex e-con-boxed e-con e-parent\" data-id=\"2708969\" data-element_type=\"container\">\n\t\t\t\t\t<div class=\"e-con-inner\">\n\t\t\t\t<div class=\"elementor-element elementor-element-c701fa0 elementor-align-center elementor-widget elementor-widget-tm-separator\" data-id=\"c701fa0\" data-element_type=\"widget\" data-widget_type=\"tm-separator.default\">\n\t\t\t\t<div class=\"elementor-widget-container\">\n\t\t\t\t\t\t\t<div class=\"tm-separator horizontal-dashed-line\">\n\t\t\t<div class=\"inner\"><\/div>\n\t\t<\/div>\n\t\t\t\t\t\t<\/div>\n\t\t\t\t<\/div>\n\t\t\t\t\t<\/div>\n\t\t\t\t<\/div>\n\t\t<div class=\"elementor-element elementor-element-22c2c25 e-flex e-con-boxed e-con e-parent\" data-id=\"22c2c25\" data-element_type=\"container\">\n\t\t\t\t\t<div class=\"e-con-inner\">\n\t\t\t\t<div class=\"elementor-element elementor-element-c52f668 elementor-widget elementor-widget-spacer\" data-id=\"c52f668\" data-element_type=\"widget\" data-widget_type=\"spacer.default\">\n\t\t\t\t<div class=\"elementor-widget-container\">\n\t\t\t\t\t\t\t<div class=\"elementor-spacer\">\n\t\t\t<div class=\"elementor-spacer-inner\"><\/div>\n\t\t<\/div>\n\t\t\t\t\t\t<\/div>\n\t\t\t\t<\/div>\n\t\t\t\t<div class=\"elementor-element elementor-element-01e889a elementor-widget elementor-widget-tm-heading\" data-id=\"01e889a\" data-element_type=\"widget\" data-widget_type=\"tm-heading.default\">\n\t\t\t\t<div class=\"elementor-widget-container\">\n\t\t\t\t\t\t\t<div class=\"tm-modern-heading\">\n\t\t\t\n\t\t\t\t\t<div class=\"heading-primary-wrap\">\n\t\t\t<h2 class=\"heading-primary elementor-heading-title\">Esferas, medias esferas, cubos y hongos<\/h2>\t\t<\/div>\n\t\t\n\t\t\t\n\t\t\t\t\t<\/div>\n\t\t\t\t\t\t<\/div>\n\t\t\t\t<\/div>\n\t\t\t\t<div class=\"elementor-element elementor-element-71ef773 elementor-widget elementor-widget-spacer\" data-id=\"71ef773\" data-element_type=\"widget\" data-widget_type=\"spacer.default\">\n\t\t\t\t<div class=\"elementor-widget-container\">\n\t\t\t\t\t\t\t<div class=\"elementor-spacer\">\n\t\t\t<div class=\"elementor-spacer-inner\"><\/div>\n\t\t<\/div>\n\t\t\t\t\t\t<\/div>\n\t\t\t\t<\/div>\n\t\t\t\t\t<\/div>\n\t\t\t\t<\/div>\n\t\t<div class=\"elementor-element elementor-element-a4ff4db e-grid e-con-boxed e-con e-parent\" data-id=\"a4ff4db\" data-element_type=\"container\">\n\t\t\t\t\t<div class=\"e-con-inner\">\n\t\t\t\t<div class=\"elementor-element elementor-element-3c2931a elementor-widget elementor-widget-image\" data-id=\"3c2931a\" data-element_type=\"widget\" data-widget_type=\"image.default\">\n\t\t\t\t<div class=\"elementor-widget-container\">\n\t\t\t\t\t\t\t\t\t\t\t\t\t\t\t<img decoding=\"async\" src=\"https:\/\/cauchocolor.com.ar\/sitio\/wp-content\/uploads\/elementor\/thumbs\/wuerfel_4_farben-r47o4n0bpdir9xhmu7t7wq4q5yxmvqxexsxu6cmetk.png\" title=\"wuerfel_4_farben\" alt=\"wuerfel_4_farben\" loading=\"lazy\" \/>\t\t\t\t\t\t\t\t\t\t\t\t\t\t\t<\/div>\n\t\t\t\t<\/div>\n\t\t\t\t<div class=\"elementor-element elementor-element-887c06a elementor-widget elementor-widget-image\" data-id=\"887c06a\" data-element_type=\"widget\" data-widget_type=\"image.default\">\n\t\t\t\t<div class=\"elementor-widget-container\">\n\t\t\t\t\t\t\t\t\t\t\t\t\t\t\t<img decoding=\"async\" src=\"https:\/\/cauchocolor.com.ar\/sitio\/wp-content\/uploads\/elementor\/thumbs\/riesenpilze-r47o3a4ptznui7gmrmomb2gr9xmjrhjdf30l7ymvt4.png\" title=\"riesenpilze\" alt=\"riesenpilze\" loading=\"lazy\" \/>\t\t\t\t\t\t\t\t\t\t\t\t\t\t\t<\/div>\n\t\t\t\t<\/div>\n\t\t\t\t<div class=\"elementor-element elementor-element-a78bfb8 elementor-widget elementor-widget-image\" data-id=\"a78bfb8\" data-element_type=\"widget\" data-widget_type=\"image.default\">\n\t\t\t\t<div class=\"elementor-widget-container\">\n\t\t\t\t\t\t\t\t\t\t\t\t\t\t\t<img decoding=\"async\" src=\"https:\/\/cauchocolor.com.ar\/sitio\/wp-content\/uploads\/elementor\/thumbs\/kugeln-halbkugeln-titel_780x450-r47o28j68m8dlsz8v6fjjbybiirv7le3xwx60w6mq0.png\" title=\"kugeln-halbkugeln-titel_780x450\" alt=\"kugeln-halbkugeln-titel_780x450\" loading=\"lazy\" \/>\t\t\t\t\t\t\t\t\t\t\t\t\t\t\t<\/div>\n\t\t\t\t<\/div>\n\t\t\t\t\t<\/div>\n\t\t\t\t<\/div>\n\t\t<div class=\"elementor-element elementor-element-5b48afb e-flex e-con-boxed e-con e-parent\" data-id=\"5b48afb\" data-element_type=\"container\">\n\t\t\t\t\t<div class=\"e-con-inner\">\n\t\t\t\t<div class=\"elementor-element elementor-element-d1f4b2d elementor-widget elementor-widget-spacer\" data-id=\"d1f4b2d\" data-element_type=\"widget\" data-widget_type=\"spacer.default\">\n\t\t\t\t<div class=\"elementor-widget-container\">\n\t\t\t\t\t\t\t<div class=\"elementor-spacer\">\n\t\t\t<div class=\"elementor-spacer-inner\"><\/div>\n\t\t<\/div>\n\t\t\t\t\t\t<\/div>\n\t\t\t\t<\/div>\n\t\t\t\t<div class=\"elementor-element elementor-element-5910cc1 elementor-widget elementor-widget-text-editor\" data-id=\"5910cc1\" data-element_type=\"widget\" data-widget_type=\"text-editor.default\">\n\t\t\t\t<div class=\"elementor-widget-container\">\n\t\t\t\t\t\t\t\t\tEUROFLEX\u00ae Esfera, Media esfera y Cubo son componentes de dise\u00f1o de gran \u00e9xito para parques infantiles. Ya sea que se use en interiores o exteriores, los productos EUROFLEX\u00ae se adaptan a cualquier entorno debido a su forma arm\u00f3nica y mejora la apariencia general de cualquier espacio de juegos.\n\n<br><br>Adem\u00e1s, los hongos y Steps EUROFLEX\u00ae est\u00e1n disponibles en diferentes alturas, lo que permite la creaci\u00f3n de \u00e1reas de juego dise\u00f1adas espec\u00edficamente para ayudar a promover las habilidades motrices.\n\t\t\t\t\t\t\t\t<\/div>\n\t\t\t\t<\/div>\n\t\t\t\t<div class=\"elementor-element elementor-element-a52e0c5 elementor-widget elementor-widget-spacer\" data-id=\"a52e0c5\" data-element_type=\"widget\" data-widget_type=\"spacer.default\">\n\t\t\t\t<div class=\"elementor-widget-container\">\n\t\t\t\t\t\t\t<div class=\"elementor-spacer\">\n\t\t\t<div class=\"elementor-spacer-inner\"><\/div>\n\t\t<\/div>\n\t\t\t\t\t\t<\/div>\n\t\t\t\t<\/div>\n\t\t\t\t\t<\/div>\n\t\t\t\t<\/div>\n\t\t<div class=\"elementor-element elementor-element-d29b11b e-grid e-con-boxed e-con e-parent\" data-id=\"d29b11b\" data-element_type=\"container\">\n\t\t\t\t\t<div class=\"e-con-inner\">\n\t\t\t\t<div class=\"elementor-element elementor-element-bfdc4c7 elementor-widget elementor-widget-image\" data-id=\"bfdc4c7\" data-element_type=\"widget\" data-widget_type=\"image.default\">\n\t\t\t\t<div class=\"elementor-widget-container\">\n\t\t\t\t\t\t\t\t\t\t\t\t\t\t\t<img fetchpriority=\"high\" decoding=\"async\" width=\"640\" height=\"611\" src=\"https:\/\/cauchocolor.com.ar\/sitio\/wp-content\/uploads\/2025\/04\/stepper_ohne_motiv.png\" class=\"attachment-large size-large wp-image-6628\" alt=\"\" srcset=\"https:\/\/cauchocolor.com.ar\/sitio\/wp-content\/uploads\/2025\/04\/stepper_ohne_motiv.png 695w, https:\/\/cauchocolor.com.ar\/sitio\/wp-content\/uploads\/2025\/04\/stepper_ohne_motiv-300x287.png 300w\" sizes=\"(max-width: 640px) 100vw, 640px\" \/>\t\t\t\t\t\t\t\t\t\t\t\t\t\t\t<\/div>\n\t\t\t\t<\/div>\n\t\t\t\t<div class=\"elementor-element elementor-element-36c7ce2 elementor-widget elementor-widget-image\" data-id=\"36c7ce2\" data-element_type=\"widget\" data-widget_type=\"image.default\">\n\t\t\t\t<div class=\"elementor-widget-container\">\n\t\t\t\t\t\t\t\t\t\t\t\t\t\t\t<img decoding=\"async\" src=\"https:\/\/cauchocolor.com.ar\/sitio\/wp-content\/uploads\/elementor\/thumbs\/stepper-DSC09281-r47o3vr076hfx8l89e11ef0cxsnzoix7620r9bqtu0.jpg\" title=\"stepper-DSC09281\" alt=\"stepper-DSC09281\" loading=\"lazy\" \/>\t\t\t\t\t\t\t\t\t\t\t\t\t\t\t<\/div>\n\t\t\t\t<\/div>\n\t\t\t\t\t<\/div>\n\t\t\t\t<\/div>\n\t\t<div class=\"elementor-element elementor-element-869f97b e-flex e-con-boxed e-con e-parent\" data-id=\"869f97b\" data-element_type=\"container\">\n\t\t\t\t\t<div class=\"e-con-inner\">\n\t\t\t\t<div class=\"elementor-element elementor-element-2b5c1d3 elementor-widget elementor-widget-tm-heading\" data-id=\"2b5c1d3\" data-element_type=\"widget\" data-widget_type=\"tm-heading.default\">\n\t\t\t\t<div class=\"elementor-widget-container\">\n\t\t\t\t\t\t\t<div class=\"tm-modern-heading\">\n\t\t\t\n\t\t\t\t\t<div class=\"heading-primary-wrap\">\n\t\t\t<h2 class=\"heading-primary elementor-heading-title\">Arenero Modular<\/h2>\t\t<\/div>\n\t\t\n\t\t\t\n\t\t\t\t\t<\/div>\n\t\t\t\t\t\t<\/div>\n\t\t\t\t<\/div>\n\t\t\t\t<div class=\"elementor-element elementor-element-06182e5 elementor-widget elementor-widget-text-editor\" data-id=\"06182e5\" data-element_type=\"widget\" data-widget_type=\"text-editor.default\">\n\t\t\t\t<div class=\"elementor-widget-container\">\n\t\t\t\t\t\t\t\t\t<p>Lorem ipsum dolor sit amet, consectetur adipiscing elit. Ut elit tellus, luctus nec ullamcorper mattis, pulvinar dapibus leo.<\/p>\t\t\t\t\t\t\t\t<\/div>\n\t\t\t\t<\/div>\n\t\t\t\t\t<\/div>\n\t\t\t\t<\/div>\n\t\t<div class=\"elementor-element elementor-element-cd3393e e-grid e-con-boxed e-con e-parent\" data-id=\"cd3393e\" data-element_type=\"container\">\n\t\t\t\t\t<div class=\"e-con-inner\">\n\t\t\t\t<div class=\"elementor-element elementor-element-e7d4a62 elementor-widget elementor-widget-image\" data-id=\"e7d4a62\" data-element_type=\"widget\" data-widget_type=\"image.default\">\n\t\t\t\t<div class=\"elementor-widget-container\">\n\t\t\t\t\t\t\t\t\t\t\t\t\t\t\t<img decoding=\"async\" width=\"640\" height=\"426\" src=\"https:\/\/cauchocolor.com.ar\/sitio\/wp-content\/uploads\/2025\/04\/sandbox-piece.jpg\" class=\"attachment-large size-large wp-image-6627\" alt=\"\" srcset=\"https:\/\/cauchocolor.com.ar\/sitio\/wp-content\/uploads\/2025\/04\/sandbox-piece.jpg 860w, https:\/\/cauchocolor.com.ar\/sitio\/wp-content\/uploads\/2025\/04\/sandbox-piece-300x200.jpg 300w, https:\/\/cauchocolor.com.ar\/sitio\/wp-content\/uploads\/2025\/04\/sandbox-piece-768x511.jpg 768w\" sizes=\"(max-width: 640px) 100vw, 640px\" \/>\t\t\t\t\t\t\t\t\t\t\t\t\t\t\t<\/div>\n\t\t\t\t<\/div>\n\t\t\t\t<div class=\"elementor-element elementor-element-df893be elementor-widget elementor-widget-image\" data-id=\"df893be\" data-element_type=\"widget\" data-widget_type=\"image.default\">\n\t\t\t\t<div class=\"elementor-widget-container\">\n\t\t\t\t\t\t\t\t\t\t\t\t\t\t\t<img decoding=\"async\" src=\"https:\/\/cauchocolor.com.ar\/sitio\/wp-content\/uploads\/elementor\/thumbs\/sandbox-example-r47o3il9jhzfep4ce8c9fibwmeguorgyg8vyjgac94.jpg\" title=\"sandbox-example\" alt=\"sandbox-example\" loading=\"lazy\" \/>\t\t\t\t\t\t\t\t\t\t\t\t\t\t\t<\/div>\n\t\t\t\t<\/div>\n\t\t\t\t\t<\/div>\n\t\t\t\t<\/div>\n\t\t<div class=\"elementor-element elementor-element-61a1183 e-flex e-con-boxed e-con e-parent\" data-id=\"61a1183\" data-element_type=\"container\">\n\t\t\t\t\t<div class=\"e-con-inner\">\n\t\t\t\t<div class=\"elementor-element elementor-element-581d1ec elementor-widget elementor-widget-heading\" data-id=\"581d1ec\" data-element_type=\"widget\" data-widget_type=\"heading.default\">\n\t\t\t\t<div class=\"elementor-widget-container\">\n\t\t\t\t\t<h2 class=\"elementor-heading-title elementor-size-default\">Seguridad Aprobada por TUV\u00ae<\/h2>\t\t\t\t<\/div>\n\t\t\t\t<\/div>\n\t\t\t\t\t<\/div>\n\t\t\t\t<\/div>\n\t\t<div class=\"elementor-element elementor-element-ad74496 e-flex e-con-boxed e-con e-parent\" data-id=\"ad74496\" data-element_type=\"container\">\n\t\t\t\t\t<div class=\"e-con-inner\">\n\t\t<div class=\"elementor-element elementor-element-2a29e7e e-grid e-con-full e-con e-child\" data-id=\"2a29e7e\" data-element_type=\"container\">\n\t\t\t\t<div class=\"elementor-element elementor-element-84af0fa elementor-widget elementor-widget-text-editor\" data-id=\"84af0fa\" data-element_type=\"widget\" data-widget_type=\"text-editor.default\">\n\t\t\t\t<div class=\"elementor-widget-container\">\n\t\t\t\t\t\t\t\t\t<p>Los productos EUROFLEX\u00ae cuentan con certificaci\u00f3n T\u00dcV,\u00a0<strong>garant\u00eda de calidad y seguridad tanto para las personas como el medio ambiente<\/strong>.<\/p>\t\t\t\t\t\t\t\t<\/div>\n\t\t\t\t<\/div>\n\t\t\t\t<div class=\"elementor-element elementor-element-99097b1 elementor-widget elementor-widget-image\" data-id=\"99097b1\" data-element_type=\"widget\" data-widget_type=\"image.default\">\n\t\t\t\t<div class=\"elementor-widget-container\">\n\t\t\t\t\t\t\t\t\t\t\t\t\t\t\t<img decoding=\"async\" width=\"640\" height=\"221\" src=\"https:\/\/cauchocolor.com.ar\/sitio\/wp-content\/uploads\/2025\/04\/sello-tuv-v3.jpg\" class=\"attachment-large size-large wp-image-6637\" alt=\"\" srcset=\"https:\/\/cauchocolor.com.ar\/sitio\/wp-content\/uploads\/2025\/04\/sello-tuv-v3.jpg 748w, https:\/\/cauchocolor.com.ar\/sitio\/wp-content\/uploads\/2025\/04\/sello-tuv-v3-300x103.jpg 300w\" sizes=\"(max-width: 640px) 100vw, 640px\" \/>\t\t\t\t\t\t\t\t\t\t\t\t\t\t\t<\/div>\n\t\t\t\t<\/div>\n\t\t\t\t<\/div>\n\t\t\t\t\t<\/div>\n\t\t\t\t<\/div>\n\t\t<div class=\"elementor-element elementor-element-f149aba e-flex e-con-boxed e-con e-parent\" data-id=\"f149aba\" data-element_type=\"container\">\n\t\t\t\t\t<div class=\"e-con-inner\">\n\t\t\t\t<div class=\"elementor-element elementor-element-b5c9779 elementor-widget elementor-widget-spacer\" data-id=\"b5c9779\" data-element_type=\"widget\" data-widget_type=\"spacer.default\">\n\t\t\t\t<div class=\"elementor-widget-container\">\n\t\t\t\t\t\t\t<div class=\"elementor-spacer\">\n\t\t\t<div class=\"elementor-spacer-inner\"><\/div>\n\t\t<\/div>\n\t\t\t\t\t\t<\/div>\n\t\t\t\t<\/div>\n\t\t\t\t<div class=\"elementor-element elementor-element-2dd2c1d elementor-widget-divider--view-line elementor-widget elementor-widget-divider\" data-id=\"2dd2c1d\" data-element_type=\"widget\" data-widget_type=\"divider.default\">\n\t\t\t\t<div class=\"elementor-widget-container\">\n\t\t\t\t\t\t\t<div class=\"elementor-divider\">\n\t\t\t<span class=\"elementor-divider-separator\">\n\t\t\t\t\t\t<\/span>\n\t\t<\/div>\n\t\t\t\t\t\t<\/div>\n\t\t\t\t<\/div>\n\t\t\t\t\t<\/div>\n\t\t\t\t<\/div>\n\t\t<div class=\"elementor-element elementor-element-f961f86 e-flex e-con-boxed e-con e-parent\" data-id=\"f961f86\" data-element_type=\"container\">\n\t\t\t\t\t<div class=\"e-con-inner\">\n\t\t\t\t<div class=\"elementor-element elementor-element-12337a0 elementor-align-center elementor-widget__width-auto elementor-invisible elementor-widget elementor-widget-tm-button\" data-id=\"12337a0\" data-element_type=\"widget\" data-settings=\"{&quot;_animation&quot;:&quot;billyFadeInUp&quot;}\" data-widget_type=\"tm-button.default\">\n\t\t\t\t<div class=\"elementor-widget-container\">\n\t\t\t\t\t\t\t<div class=\"tm-button-wrapper\">\n\t\t\t<a href=\"https:\/\/www.kraiburg-relastec.com\/euroflex\/en\/playground-accessories\/\" class=\"tm-button-link tm-button style-flat tm-button-nm icon-left\" role=\"button\">\n\t\t\t\t\t\t<div class=\"button-content-wrapper\">\n\t\t\t\t\t\t\t<span class=\"button-icon\">\n\t\t\t\t\t<i class=\"fa-regular fa-ranking-star\"><\/i>\t\t\t\t<\/span>\n\t\t\t\n\t\t\t\t\t\t\t<span class=\"button-text\">M\u00e1s info<\/span>\n\t\t\t\n\t\t\t\t\t<\/div>\n\t\t\n\t\t\t\t\t\t\t<\/a>\n\t\t<\/div>\n\t\t\t\t\t\t<\/div>\n\t\t\t\t<\/div>\n\t\t\t\t\t<\/div>\n\t\t\t\t<\/div>\n\t\t\t\t<\/div>\n\t\t","protected":false},"excerpt":{"rendered":"<p>Figuras 3D Ya sea en escuelas y guarder\u00edas o en instalaciones deportivas y de juego, los accesorios EUROFLEX\u00ae hacen de cada parque infantil una experiencia. Brindan a los ni\u00f1os espacio para la creatividad y la imaginaci\u00f3n, al tiempo que ofrecen diversas posibilidades de juego y actividad. Esferas, medias esferas, cubos y hongos EUROFLEX\u00ae Esfera, Media esfera y Cubo son componentes de dise\u00f1o de gran \u00e9xito para parques infantiles. Ya sea que se use en interiores o exteriores, los productos EUROFLEX\u00ae se adaptan a cualquier entorno debido a su forma arm\u00f3nica y mejora la apariencia general de cualquier espacio de juegos. Adem\u00e1s, los hongos y Steps EUROFLEX\u00ae est\u00e1n disponibles en diferentes alturas, lo que permite la creaci\u00f3n de \u00e1reas de juego dise\u00f1adas espec\u00edficamente para ayudar a promover las habilidades motrices. Arenero Modular Lorem ipsum dolor sit amet, consectetur adipiscing elit. Ut elit tellus, luctus nec ullamcorper mattis, pulvinar dapibus leo. Seguridad Aprobada por TUV\u00ae Los productos EUROFLEX\u00ae cuentan con certificaci\u00f3n T\u00dcV,\u00a0garant\u00eda de calidad y seguridad tanto para las personas como el medio ambiente. M\u00e1s info<\/p>\n","protected":false},"author":1,"featured_media":0,"parent":0,"menu_order":0,"comment_status":"closed","ping_status":"closed","template":"","meta":{"footnotes":""},"class_list":["post-6620","page","type-page","status-publish","hentry","post-no-thumbnail"],"_links":{"self":[{"href":"https:\/\/cauchocolor.com.ar\/sitio\/wp-json\/wp\/v2\/pages\/6620","targetHints":{"allow":["GET"]}}],"collection":[{"href":"https:\/\/cauchocolor.com.ar\/sitio\/wp-json\/wp\/v2\/pages"}],"about":[{"href":"https:\/\/cauchocolor.com.ar\/sitio\/wp-json\/wp\/v2\/types\/page"}],"author":[{"embeddable":true,"href":"https:\/\/cauchocolor.com.ar\/sitio\/wp-json\/wp\/v2\/users\/1"}],"replies":[{"embeddable":true,"href":"https:\/\/cauchocolor.com.ar\/sitio\/wp-json\/wp\/v2\/comments?post=6620"}],"version-history":[{"count":13,"href":"https:\/\/cauchocolor.com.ar\/sitio\/wp-json\/wp\/v2\/pages\/6620\/revisions"}],"predecessor-version":[{"id":6646,"href":"https:\/\/cauchocolor.com.ar\/sitio\/wp-json\/wp\/v2\/pages\/6620\/revisions\/6646"}],"wp:attachment":[{"href":"https:\/\/cauchocolor.com.ar\/sitio\/wp-json\/wp\/v2\/media?parent=6620"}],"curies":[{"name":"wp","href":"https:\/\/api.w.org\/{rel}","templated":true}]}}